{"id":32857,"date":"2023-08-01T12:33:12","date_gmt":"2023-08-01T12:33:12","guid":{"rendered":"https:\/\/imbodysport.cz\/service-plus\/"},"modified":"2025-11-11T13:41:51","modified_gmt":"2025-11-11T13:41:51","slug":"service-plus","status":"publish","type":"page","link":"https:\/\/imbodysport.cz\/fr\/service-plus\/","title":{"rendered":"Service Plus"},"content":{"rendered":"\t\t<div data-elementor-type=\"wp-page\" data-elementor-id=\"32857\" class=\"elementor elementor-32857 elementor-26065\" data-elementor-post-type=\"page\">\n\t\t\t\t\t\t<section class=\"elementor-section elementor-top-section elementor-element elementor-element-7e918ad3 elementor-section-boxed elementor-section-height-default elementor-section-height-default sc_fly_static\" data-id=\"7e918ad3\" data-element_type=\"section\" data-e-type=\"section\">\n\t\t\t\t\t\t<div class=\"elementor-container elementor-column-gap-extended\">\n\t\t\t\t\t<div class=\"elementor-column elementor-col-100 elementor-top-column elementor-element elementor-element-3da3d115 sc_content_align_inherit sc_layouts_column_icons_position_left sc_fly_static\" data-id=\"3da3d115\" data-element_type=\"column\" data-e-type=\"column\">\n\t\t\t<div class=\"elementor-widget-wrap elementor-element-populated\">\n\t\t\t\t\t\t<div class=\"elementor-element elementor-element-49b4db35 sc_height_huge sc_fly_static elementor-widget elementor-widget-spacer\" data-id=\"49b4db35\" data-element_type=\"widget\" data-e-type=\"widget\" data-widget_type=\"spacer.default\">\n\t\t\t\t<div class=\"elementor-widget-container\">\n\t\t\t\t\t\t\t<div class=\"elementor-spacer\">\n\t\t\t<div class=\"elementor-spacer-inner\"><\/div>\n\t\t<\/div>\n\t\t\t\t\t\t<\/div>\n\t\t\t\t<\/div>\n\t\t\t\t<div class=\"elementor-element elementor-element-4e619498 sc_fly_static elementor-widget elementor-widget-trx_sc_title\" data-id=\"4e619498\" data-element_type=\"widget\" data-e-type=\"widget\" data-widget_type=\"trx_sc_title.default\">\n\t\t\t\t<div class=\"elementor-widget-container\">\n\t\t\t\t\t<div\t\tclass=\"sc_title sc_title_default\" ><h1 class=\"sc_item_title sc_title_title sc_item_title_style_default sc_item_title_tag\"\n\t\t\t><span class=\"sc_item_title_text\">Chers clients,<\/span><\/h1><\/div>\t\t\t\t<\/div>\n\t\t\t\t<\/div>\n\t\t\t\t<div class=\"elementor-element elementor-element-a1cf517 sc_height_tiny sc_fly_static elementor-widget elementor-widget-spacer\" data-id=\"a1cf517\" data-element_type=\"widget\" data-e-type=\"widget\" data-widget_type=\"spacer.default\">\n\t\t\t\t<div class=\"elementor-widget-container\">\n\t\t\t\t\t\t\t<div class=\"elementor-spacer\">\n\t\t\t<div class=\"elementor-spacer-inner\"><\/div>\n\t\t<\/div>\n\t\t\t\t\t\t<\/div>\n\t\t\t\t<\/div>\n\t\t\t\t<div class=\"elementor-element elementor-element-3aeda2c1 sc_fly_static elementor-widget elementor-widget-text-editor\" data-id=\"3aeda2c1\" data-element_type=\"widget\" data-e-type=\"widget\" data-widget_type=\"text-editor.default\">\n\t\t\t\t<div class=\"elementor-widget-container\">\n\t\t\t\t\t\t\t\t\t<p>Notre objectif principal est de d\u00e9velopper un framework de th\u00e8me s\u00e9curis\u00e9 et personnalisable qui r\u00e9pond aux besoins de l&rsquo;utilisateur final. Ainsi, nos clients peuvent cr\u00e9er des sites web en utilisant nos mod\u00e8les aussi facilement que 1-2-3 ! Ce processus n\u00e9cessite une connaissance minimale de WordPress et du codage, et une documentation d\u00e9taill\u00e9e ainsi que notre \u00e9quipe de support sont toujours \u00e0 votre service. Cependant, nous vous demandons de garder \u00e0 l&rsquo;esprit que parfois, les probl\u00e8mes ne sont pas dus \u00e0 un dysfonctionnement des mod\u00e8les. Il peut y avoir des situations qui ne d\u00e9pendent pas de nous et du framework. Par exemple, les param\u00e8tres du serveur, des fonctionnalit\u00e9s suppl\u00e9mentaires qui n\u00e9cessitent une personnalisation approfondie des fichiers, ou l&rsquo;utilisation de plugins additionnels. Et bien s\u00fbr, une tentative de construire un site web en tr\u00e8s peu de temps.      <\/p><p>Nous connaissons parfaitement notre framework de th\u00e8me et disposons d&rsquo;une \u00e9quipe de d\u00e9veloppeurs hautement qualifi\u00e9e. Ils t&rsquo;aideront \u00e0 d\u00e9velopper le site web dont tu as besoin. Si tu as besoin de personnaliser ton site, contacte notre syst\u00e8me de support pour plus d&rsquo;informations : <a href=\"https:\/\/themerex.net\/support\/\" target=\"_blank\" rel=\"noopener noreferrer\">https:\/\/themerex.net\/support\/<\/a>  <\/p>\t\t\t\t\t\t\t\t<\/div>\n\t\t\t\t<\/div>\n\t\t\t\t<div class=\"elementor-element elementor-element-4d69ec4d sc_height_large sc_fly_static elementor-widget elementor-widget-spacer\" data-id=\"4d69ec4d\" data-element_type=\"widget\" data-e-type=\"widget\" data-widget_type=\"spacer.default\">\n\t\t\t\t<div class=\"elementor-widget-container\">\n\t\t\t\t\t\t\t<div class=\"elementor-spacer\">\n\t\t\t<div class=\"elementor-spacer-inner\"><\/div>\n\t\t<\/div>\n\t\t\t\t\t\t<\/div>\n\t\t\t\t<\/div>\n\t\t\t\t<div class=\"elementor-element elementor-element-1805828 elementor-widget-divider--view-line sc_fly_static elementor-widget elementor-widget-divider\" data-id=\"1805828\" data-element_type=\"widget\" data-e-type=\"widget\" data-widget_type=\"divider.default\">\n\t\t\t\t<div class=\"elementor-widget-container\">\n\t\t\t\t\t\t\t<div class=\"elementor-divider\">\n\t\t\t<span class=\"elementor-divider-separator\">\n\t\t\t\t\t\t<\/span>\n\t\t<\/div>\n\t\t\t\t\t\t<\/div>\n\t\t\t\t<\/div>\n\t\t\t\t\t<\/div>\n\t\t<\/div>\n\t\t\t\t\t<\/div>\n\t\t<\/section>\n\t\t\t\t<section class=\"elementor-section elementor-top-section elementor-element elementor-element-66485fe elementor-section-boxed elementor-section-height-default elementor-section-height-default sc_fly_static\" data-id=\"66485fe\" data-element_type=\"section\" data-e-type=\"section\" data-settings=\"{&quot;background_background&quot;:&quot;classic&quot;}\">\n\t\t\t\t\t\t<div class=\"elementor-container elementor-column-gap-extended\">\n\t\t\t\t\t<div class=\"elementor-column elementor-col-100 elementor-top-column elementor-element elementor-element-229281f7 sc_content_align_inherit sc_layouts_column_icons_position_left sc_fly_static\" data-id=\"229281f7\" data-element_type=\"column\" data-e-type=\"column\">\n\t\t\t<div class=\"elementor-widget-wrap elementor-element-populated\">\n\t\t\t\t\t\t<div class=\"elementor-element elementor-element-7a1eec9b sc_height_large sc_fly_static elementor-widget elementor-widget-spacer\" data-id=\"7a1eec9b\" data-element_type=\"widget\" data-e-type=\"widget\" data-widget_type=\"spacer.default\">\n\t\t\t\t<div class=\"elementor-widget-container\">\n\t\t\t\t\t\t\t<div class=\"elementor-spacer\">\n\t\t\t<div class=\"elementor-spacer-inner\"><\/div>\n\t\t<\/div>\n\t\t\t\t\t\t<\/div>\n\t\t\t\t<\/div>\n\t\t\t\t<section class=\"elementor-section elementor-inner-section elementor-element elementor-element-2b2dd08b elementor-section-boxed elementor-section-height-default elementor-section-height-default sc_fly_static\" data-id=\"2b2dd08b\" data-element_type=\"section\" data-e-type=\"section\">\n\t\t\t\t\t\t<div class=\"elementor-container elementor-column-gap-no\">\n\t\t\t\t\t<div class=\"elementor-column elementor-col-16 elementor-inner-column elementor-element elementor-element-2a7d1a08 sc_content_align_inherit sc_layouts_column_icons_position_left sc_fly_static\" data-id=\"2a7d1a08\" data-element_type=\"column\" data-e-type=\"column\">\n\t\t\t<div class=\"elementor-widget-wrap\">\n\t\t\t\t\t\t\t<\/div>\n\t\t<\/div>\n\t\t\t\t<div class=\"elementor-column elementor-col-66 elementor-inner-column elementor-element elementor-element-57663ba sc_content_align_inherit sc_layouts_column_icons_position_left sc_fly_static\" data-id=\"57663ba\" data-element_type=\"column\" data-e-type=\"column\">\n\t\t\t<div class=\"elementor-widget-wrap elementor-element-populated\">\n\t\t\t\t\t\t<div class=\"elementor-element elementor-element-44c89a11 sc_fly_static elementor-widget elementor-widget-trx_sc_title\" data-id=\"44c89a11\" data-element_type=\"widget\" data-e-type=\"widget\" data-widget_type=\"trx_sc_title.default\">\n\t\t\t\t<div class=\"elementor-widget-container\">\n\t\t\t\t\t<div\t\tclass=\"sc_title sc_title_default\" ><span class=\"sc_item_subtitle sc_title_subtitle sc_align_center sc_item_subtitle_above sc_item_title_style_default\">PERSONNALISATION<\/span><h1 class=\"sc_item_title sc_title_title sc_align_center sc_item_title_style_default sc_item_title_tag\"\n\t\t\t><span class=\"sc_item_title_text\">Forfaits<\/span><\/h1><\/div>\t\t\t\t<\/div>\n\t\t\t\t<\/div>\n\t\t\t\t\t<\/div>\n\t\t<\/div>\n\t\t\t\t<div class=\"elementor-column elementor-col-16 elementor-inner-column elementor-element elementor-element-1b9aded5 sc_content_align_inherit sc_layouts_column_icons_position_left sc_fly_static\" data-id=\"1b9aded5\" data-element_type=\"column\" data-e-type=\"column\">\n\t\t\t<div class=\"elementor-widget-wrap\">\n\t\t\t\t\t\t\t<\/div>\n\t\t<\/div>\n\t\t\t\t\t<\/div>\n\t\t<\/section>\n\t\t\t\t<div class=\"elementor-element elementor-element-79cfe330 sc_height_small sc_fly_static elementor-widget elementor-widget-spacer\" data-id=\"79cfe330\" data-element_type=\"widget\" data-e-type=\"widget\" data-widget_type=\"spacer.default\">\n\t\t\t\t<div class=\"elementor-widget-container\">\n\t\t\t\t\t\t\t<div class=\"elementor-spacer\">\n\t\t\t<div class=\"elementor-spacer-inner\"><\/div>\n\t\t<\/div>\n\t\t\t\t\t\t<\/div>\n\t\t\t\t<\/div>\n\t\t\t\t<div class=\"elementor-element elementor-element-991d197 sc_fly_static elementor-widget elementor-widget-trx_sc_price\" data-id=\"991d197\" data-element_type=\"widget\" data-e-type=\"widget\" data-widget_type=\"trx_sc_price.default\">\n\t\t\t\t<div class=\"elementor-widget-container\">\n\t\t\t\t\t<div  \n\tclass=\"sc_price sc_price_metro\"><div class=\"sc_price_columns_wrap sc_item_columns trx_addons_columns_wrap columns_padding_bottom columns_in_single_row\"><div class=\"trx_addons_column-1_3\"><div class=\"sc_price_item sc_price_item_metro\">\n\t\t\t<div class=\"sc_price_item_inner\"><div class=\"sc_price_item_info_top\"><h3 class=\"sc_price_item_title\"><span>Installation + Changement de logo<\/span><\/h3><\/div><div class=\"sc_price_item_info\"><div class=\"sc_price_item_price\"><span class=\"sc_price_item_price_value\">45 $<\/span><\/div><div class=\"sc_price_item_details\"><ul class=\"trx_addons_list trx_addons_list_dot\" style=\"text-align: left;\">\n<li style=\"font-weight: 400;\" aria-level=\"1\"><span style=\"font-weight: 400;\">Le mod\u00e8le sera install\u00e9 sur ton serveur exactement comme la d\u00e9mo. Tu auras acc\u00e8s au panneau d'administration pour g\u00e9rer ton site web. <\/span><\/li>\n<li style=\"font-weight: 400;\" aria-level=\"1\"><span style=\"font-weight: 400;\">Nous remplacerons le logo du mod\u00e8le par le tien sur chaque page du mod\u00e8le. Le logo doit \u00eatre de bonne qualit\u00e9 au format .PSD, .EPS, .PNG, .JPG. La largeur du logo doit \u00eatre de 300px et 600px.<\/span><\/li>\n<\/ul>\n<\/div><\/div><!-- \/.sc_price_item_info --><\/div><!-- \/.sc_price_item_inner --><a href=\"https:\/\/themerex.net\/downloads\/theme-installation\/?utm_source=demosplus&#038;utm_medium=demosplus&#038;utm_campaign=demosplus\" class=\"sc_price_item_link sc_button\" target=\"_blank\">Profite de cette offre<\/a><\/div><\/div><div class=\"trx_addons_column-1_3\"><div class=\"sc_price_item sc_price_active sc_price_item_metro\">\n\t\t\t<div class=\"sc_price_item_inner\"><div class=\"sc_price_item_info_top\"><h3 class=\"sc_price_item_title\"><span>Site web pr\u00eat \u00e0 l&#039;emploi<\/span><\/h3><\/div><div class=\"sc_price_item_info\"><div class=\"sc_price_item_price\"><span class=\"sc_price_item_price_value\">395 $<\/span><\/div><div class=\"sc_price_item_details\"><ul class=\"trx_addons_list trx_addons_list_dot\" style=\"text-align: left;\">\n<li style=\"font-weight: 400;\" aria-level=\"1\"><span style=\"font-weight: 400;\">Installation du th\u00e8me sur ton serveur avec ton logo<\/span><\/li>\n<li style=\"font-weight: 400;\" aria-level=\"1\"><span style=\"font-weight: 400;\">Carte Google avec ton adresse configur\u00e9e<\/span><\/li>\n<li style=\"font-weight: 400;\" aria-level=\"1\"><span style=\"font-weight: 400;\">Remplacement du contenu et des images jusqu'\u00e0 6 pages (sans changement de mise en page)<\/span><\/li>\n<li style=\"font-weight: 400;\" aria-level=\"1\"><span style=\"font-weight: 400;\">Suppression des \u00e9l\u00e9ments dont tu n'as pas besoin sur ton site web<\/span><\/li>\n<li style=\"font-weight: 400;\" aria-level=\"1\"><span style=\"font-weight: 400;\">Configuration des ic\u00f4nes sociales (sans changer la mise en page du th\u00e8me)<\/span><\/li>\n<li style=\"font-weight: 400;\" aria-level=\"1\"><span style=\"font-weight: 400;\">Remplacement du sch\u00e9ma de couleurs<\/span><\/li>\n<\/ul>\n<\/div><\/div><!-- \/.sc_price_item_info --><\/div><!-- \/.sc_price_item_inner --><a href=\"https:\/\/themerex.net\/downloads\/ready-use-website\/?utm_source=demosplus&#038;utm_medium=demosplus&#038;utm_campaign=demosplus\" class=\"sc_price_item_link sc_button\" target=\"_blank\">Profite de cette offre<\/a><\/div><\/div><div class=\"trx_addons_column-1_3\"><div class=\"sc_price_item sc_price_item_metro\">\n\t\t\t<div class=\"sc_price_item_inner\"><div class=\"sc_price_item_info_top\"><h3 class=\"sc_price_item_title\"><span>Forfait site web complet<\/span><\/h3><\/div><div class=\"sc_price_item_info\"><div class=\"sc_price_item_price\"><span class=\"sc_price_item_price_value\">699 $<\/span><\/div><div class=\"sc_price_item_details\"><ul class=\"trx_addons_list trx_addons_list_dot\" style=\"text-align: left;\">\n<li aria-level=\"1\">Installation de WordPress et du th\u00e8me<\/li>\n<li aria-level=\"1\">Personnalisation du site web<\/li>\n<li aria-level=\"1\">D\u00e9veloppement du contenu (15 images libres de droits)<\/li>\n<li aria-level=\"1\">Configuration du contenu (ajout de 6 pages, 6 articles, sliders Revolution)<\/li>\n<li aria-level=\"1\">Essentiels SEO<\/li>\n<li aria-level=\"1\">Optimisation de la vitesse du site web<\/li>\n<\/ul>\n<\/div><\/div><!-- \/.sc_price_item_info --><\/div><!-- \/.sc_price_item_inner --><a href=\"https:\/\/themerex.net\/downloads\/full-website-package\/?utm_source=demosplus&#038;utm_medium=demosplus&#038;utm_campaign=demosplus\" class=\"sc_price_item_link sc_button\" target=\"_blank\">Profite de cette offre<\/a><\/div><\/div><\/div><\/div><!-- \/.sc_price -->\t\t\t\t<\/div>\n\t\t\t\t<\/div>\n\t\t\t\t<div class=\"elementor-element elementor-element-861c85f sc_layouts_hide_on_mobile sc_fly_static elementor-widget elementor-widget-spacer\" data-id=\"861c85f\" data-element_type=\"widget\" data-e-type=\"widget\" data-widget_type=\"spacer.default\">\n\t\t\t\t<div class=\"elementor-widget-container\">\n\t\t\t\t\t\t\t<div class=\"elementor-spacer\">\n\t\t\t<div class=\"elementor-spacer-inner\"><\/div>\n\t\t<\/div>\n\t\t\t\t\t\t<\/div>\n\t\t\t\t<\/div>\n\t\t\t\t<div class=\"elementor-element elementor-element-54ac0362 sc_height_huge sc_fly_static elementor-widget elementor-widget-spacer\" data-id=\"54ac0362\" data-element_type=\"widget\" data-e-type=\"widget\" data-widget_type=\"spacer.default\">\n\t\t\t\t<div class=\"elementor-widget-container\">\n\t\t\t\t\t\t\t<div class=\"elementor-spacer\">\n\t\t\t<div class=\"elementor-spacer-inner\"><\/div>\n\t\t<\/div>\n\t\t\t\t\t\t<\/div>\n\t\t\t\t<\/div>\n\t\t\t\t\t<\/div>\n\t\t<\/div>\n\t\t\t\t\t<\/div>\n\t\t<\/section>\n\t\t\t\t<\/div>\n\t\t","protected":false},"excerpt":{"rendered":"<p>Chers clients, Notre objectif principal est de d\u00e9velopper un framework de th\u00e8me s\u00e9curis\u00e9 et personnalisable qui r\u00e9pond aux besoins de l&rsquo;utilisateur final. Ainsi, nos clients peuvent cr\u00e9er des sites web&hellip;<\/p>\n","protected":false},"author":1,"featured_media":0,"parent":0,"menu_order":0,"comment_status":"closed","ping_status":"closed","template":"","meta":{"inline_featured_image":false,"footnotes":""},"class_list":["post-32857","page","type-page","status-publish","hentry"],"_links":{"self":[{"href":"https:\/\/imbodysport.cz\/fr\/wp-json\/wp\/v2\/pages\/32857","targetHints":{"allow":["GET"]}}],"collection":[{"href":"https:\/\/imbodysport.cz\/fr\/wp-json\/wp\/v2\/pages"}],"about":[{"href":"https:\/\/imbodysport.cz\/fr\/wp-json\/wp\/v2\/types\/page"}],"author":[{"embeddable":true,"href":"https:\/\/imbodysport.cz\/fr\/wp-json\/wp\/v2\/users\/1"}],"replies":[{"embeddable":true,"href":"https:\/\/imbodysport.cz\/fr\/wp-json\/wp\/v2\/comments?post=32857"}],"version-history":[{"count":1,"href":"https:\/\/imbodysport.cz\/fr\/wp-json\/wp\/v2\/pages\/32857\/revisions"}],"predecessor-version":[{"id":32859,"href":"https:\/\/imbodysport.cz\/fr\/wp-json\/wp\/v2\/pages\/32857\/revisions\/32859"}],"wp:attachment":[{"href":"https:\/\/imbodysport.cz\/fr\/wp-json\/wp\/v2\/media?parent=32857"}],"curies":[{"name":"wp","href":"https:\/\/api.w.org\/{rel}","templated":true}]}}